{"id":2638,"date":"2021-04-21T20:53:08","date_gmt":"2021-04-21T19:53:08","guid":{"rendered":"http:\/\/samcom.uk\/de\/?page_id=2638"},"modified":"2021-04-27T13:44:11","modified_gmt":"2021-04-27T12:44:11","slug":"projects","status":"publish","type":"page","link":"https:\/\/samcom.uk\/de\/projects\/","title":{"rendered":"Projekte"},"content":{"rendered":"<div class=\"section-full-width section-light2\" style=\"background-color:#f2f2f2;\" id=\"section-1\"><div class=\"section-boxed\" style=\"color:#000000;\"><p>&nbsp;<\/p>\n<div class=\"cols-wrapper cols-2 boxProjetoMargin \">\n<div class=\"col boxProjeto \">\n<p><img decoding=\"async\" class=\"img-frame \" src=\"http:\/\/samcom.uk\/de\/wp-content\/uploads\/2021\/04\/project_care.jpg\" width=\"100%\" \/><\/p>\n<h3>BETREUUNG<\/h3>\n<p><span class=\"boxProjetoTxt \" style=\"color: #000000;\">Dieses Postdoktorandenprojekt untersucht, wie sich die urspr\u00fcngliche Beziehung zwischen Beobachter und Beobachtetem entwickelt. <\/span><\/p>\n<p><a class=\"read-more\" href=\"http:\/\/samcom.uk\/de\/care\/\">Weitere Informationen dazu&#8230;<\/a><\/p>\n<\/div>\n<div class=\"col nomargin boxProjeto \">\n<p><img decoding=\"async\" class=\"img-frame \" src=\"http:\/\/samcom.uk\/de\/wp-content\/uploads\/2021\/04\/project_health.jpg\" width=\"100%\" \/><\/p>\n<h3>GESUNDHEIT<\/h3>\n<p><span class=\"boxProjetoTxt \" style=\"color: #000000;\">Dieses Postdoktorandenprojekt untersucht die Schnittmenge zwischen der \u00dcberwachung der pers\u00f6nlichen und \u00f6ffentlichen Gesundheit im Zuge der Pandemie.<\/span><\/p>\n<p><a class=\"read-more\" href=\"http:\/\/samcom.uk\/de\/health\/\">Weitere Informationen dazu&#8230;<\/a><\/p>\n<\/div>\n<\/div>\n<div class=\"cols-wrapper cols-2 boxProjetoMargin \">\n<div class=\"col boxProjeto \">\n<p><img decoding=\"async\" class=\"img-frame \" src=\"http:\/\/samcom.uk\/de\/wp-content\/uploads\/2021\/04\/img_safety_slider_.jpg\" width=\"100%\" \/><\/p>\n<h3>SICHERHEIT<\/h3>\n<p><span class=\"boxProjetoTxt \" style=\"color: #000000;\">Dieses Postdoktorandenprojekt untersucht die Verwendung von Sicherheits-Apps durch vulnerable Personen auf ihrem Weg durch die Stadt. <\/span><\/p>\n<p><a class=\"read-more\" href=\"http:\/\/samcom.uk\/de\/safety\/\">Weitere Informationen dazu&#8230;<\/a><\/p>\n<\/div>\n<div class=\"col nomargin boxProjeto \">\n<p><img decoding=\"async\" class=\"img-frame \" src=\"http:\/\/samcom.uk\/de\/wp-content\/uploads\/2021\/04\/project_citizenship.jpg\" width=\"100%\" \/><\/p>\n<h3>B\u00dcRGER<\/h3>\n<p><span class=\"boxProjetoTxt \" style=\"color: #000000;\">Dieses Principal Investigator-Projekt untersucht die historische Beziehung zwischen \u00dcberwachung und B\u00fcrgern, und wie dieser Vertrag unter dem Einfluss der Digitalisierung neu geformt wird.<\/span><\/p>\n<p><a class=\"read-more\" href=\"http:\/\/samcom.uk\/de\/citizenship\/\">Weitere Informationen dazu&#8230;<\/a><\/p>\n<\/div>\n<\/div>\n<p>\n<\/div><\/div>\n","protected":false},"excerpt":{"rendered":"","protected":false},"author":1,"featured_media":0,"parent":0,"menu_order":0,"comment_status":"closed","ping_status":"closed","template":"template-full-custom.php","meta":{"footnotes":""},"class_list":["post-2638","page","type-page","status-publish","hentry"],"_links":{"self":[{"href":"https:\/\/samcom.uk\/de\/wp-json\/wp\/v2\/pages\/2638","targetHints":{"allow":["GET"]}}],"collection":[{"href":"https:\/\/samcom.uk\/de\/wp-json\/wp\/v2\/pages"}],"about":[{"href":"https:\/\/samcom.uk\/de\/wp-json\/wp\/v2\/types\/page"}],"author":[{"embeddable":true,"href":"https:\/\/samcom.uk\/de\/wp-json\/wp\/v2\/users\/1"}],"replies":[{"embeddable":true,"href":"https:\/\/samcom.uk\/de\/wp-json\/wp\/v2\/comments?post=2638"}],"version-history":[{"count":3,"href":"https:\/\/samcom.uk\/de\/wp-json\/wp\/v2\/pages\/2638\/revisions"}],"predecessor-version":[{"id":2783,"href":"https:\/\/samcom.uk\/de\/wp-json\/wp\/v2\/pages\/2638\/revisions\/2783"}],"wp:attachment":[{"href":"https:\/\/samcom.uk\/de\/wp-json\/wp\/v2\/media?parent=2638"}],"curies":[{"name":"wp","href":"https:\/\/api.w.org\/{rel}","templated":true}]}}