{"id":2528,"date":"2021-04-21T11:06:55","date_gmt":"2021-04-21T10:06:55","guid":{"rendered":"http:\/\/samcom.uk\/de\/?page_id=2528"},"modified":"2022-06-20T16:54:52","modified_gmt":"2022-06-20T15:54:52","slug":"advisory-board","status":"publish","type":"page","link":"https:\/\/samcom.uk\/de\/advisory-board\/","title":{"rendered":"Beratungsausschuss"},"content":{"rendered":"<div class=\"section-full-width section-light\" style=\"background-color:#fff;\" id=\"section-1\"><div class=\"section-boxed\" style=\"color:#000;\"><div class=\"services-wrapper services-thumbnail\"><div class=\"services-box col\"><div class=\"thumbnail-wrapper\"><div class=\"services-img\" style=\"background-image:url(http:\/\/samcom.uk\/de\/wp-content\/uploads\/2021\/04\/perfil_christoph-235x235.jpg)\"><\/div><div class=\"services-content\"><div class=\"sc-wraper\"><h3><a href=\"http:\/\/samcom.uk\/de\/advisory-board#christoph\">Christoph Bareither <\/a><\/h3><\/div><\/div><\/div><\/div><div class=\"services-box col\"><div class=\"thumbnail-wrapper\"><div class=\"services-img\" style=\"background-image:url(http:\/\/samcom.uk\/de\/wp-content\/uploads\/2021\/04\/perfil_benjamin-235x235.jpg)\"><\/div><div class=\"services-content\"><div class=\"sc-wraper\"><h3><a href=\"http:\/\/samcom.uk\/de\/advisory-board#benjamin\">Benjamin Elwyn <\/a><\/h3><\/div><\/div><\/div><\/div><div class=\"services-box col\"><div class=\"thumbnail-wrapper\"><div class=\"services-img\" style=\"background-image:url(http:\/\/samcom.uk\/de\/wp-content\/uploads\/2021\/04\/perfil_alex_-235x235.jpg)\"><\/div><div class=\"services-content\"><div class=\"sc-wraper\"><h3><a href=\"http:\/\/samcom.uk\/de\/advisory-board#alex\">Alex Ungprateeb Flynn<\/a><\/h3><\/div><\/div><\/div><\/div><div class=\"services-box col\"><div class=\"thumbnail-wrapper\"><div class=\"services-img\" style=\"background-image:url(http:\/\/samcom.uk\/de\/wp-content\/uploads\/2021\/04\/perfil_catarina-235x235.jpg)\"><\/div><div class=\"services-content\"><div class=\"sc-wraper\"><h3><a href=\"http:\/\/samcom.uk\/de\/advisory-board#catarina\">Catarina Frois <\/a><\/h3><\/div><\/div><\/div><\/div><div class=\"services-box col\"><div class=\"thumbnail-wrapper\"><div class=\"services-img\" style=\"background-image:url(http:\/\/samcom.uk\/de\/wp-content\/uploads\/2021\/04\/perfil_bruce-235x235.jpg)\"><\/div><div class=\"services-content\"><div class=\"sc-wraper\"><h3><a href=\"http:\/\/samcom.uk\/de\/advisory-board#bruce\">Bruce Kapferer <\/a><\/h3><\/div><\/div><\/div><\/div><div class=\"services-box col\"><div class=\"thumbnail-wrapper\"><div class=\"services-img\" style=\"background-image:url(http:\/\/samcom.uk\/de\/wp-content\/uploads\/2021\/04\/perfil_joel-235x235.jpg)\"><\/div><div class=\"services-content\"><div class=\"sc-wraper\"><h3><a href=\"http:\/\/samcom.uk\/de\/advisory-board#joel\">Joel Robbins <\/a><\/h3><\/div><\/div><\/div><\/div><div class=\"services-box col\"><div class=\"thumbnail-wrapper\"><div class=\"services-img\" style=\"background-image:url(http:\/\/samcom.uk\/de\/wp-content\/uploads\/2021\/04\/perfil_simon-235x235.jpg)\"><\/div><div class=\"services-content\"><div class=\"sc-wraper\"><h3><a href=\"http:\/\/samcom.uk\/de\/advisory-board#simon\">Simon Szreter<\/a><\/h3><\/div><\/div><\/div><\/div><div class=\"services-box col\"><div class=\"thumbnail-wrapper\"><div class=\"services-img\" style=\"background-image:url(http:\/\/samcom.uk\/de\/wp-content\/uploads\/2021\/04\/perfil_sahana-235x235.jpg)\"><\/div><div class=\"services-content\"><div class=\"sc-wraper\"><h3><a href=\"http:\/\/samcom.uk\/de\/advisory-board#sahana\">Sahana Udupa<\/a><\/h3><\/div><\/div><\/div><\/div><div class=\"services-box col\"><div class=\"thumbnail-wrapper\"><div class=\"services-img\" style=\"background-image:url(http:\/\/samcom.uk\/de\/wp-content\/uploads\/2021\/04\/perfil_khadija_-235x235.jpg)\"><\/div><div class=\"services-content\"><div class=\"sc-wraper\"><h3><a href=\"http:\/\/samcom.uk\/de\/advisory-board#khadija\">Khadija von Zinnenburg Carroll\u202f <\/a><\/h3><\/div><\/div><\/div><\/div><div class=\"clear\"><\/div><\/div>\n<\/div><\/div>\n<div class=\"section-full-width section-light\" style=\"background-color:#fff;\" id=\"section-2\"><div class=\"section-boxed\" style=\"color:#000;\"><\/p>\n<div id=\"christoph\" class=\"box-col-3\"><img decoding=\"async\" class=\"img-frame alignright\" src=\"http:\/\/samcom.uk\/de\/wp-content\/uploads\/2021\/04\/perfil_christoph.jpg\" width=\"100%\" \/><\/div>\n<div class=\"box-col-9\">\n<h2>Christoph Bareither<\/h2>\n<p><span style=\"font-weight: 400;\">Bareither ist Juniorprofessor f\u00fcr Europ\u00e4ische Ethnologie und Medienanthropologie am\u00a0<\/span><a href=\"https:\/\/www.euroethno.hu-berlin.de\/de\"><span style=\"font-weight: 400;\">Institut f\u00fcr Europ\u00e4ische Ethnologie<\/span><\/a><span style=\"font-weight: 400;\">\u00a0an der Humboldt-Universit\u00e4t zu Berlin. Seine aktuellen Forschungen besch\u00e4ftigen sich mit der Transformation von Verfahren und Erfahrungen, die durch digitale Technologien erm\u00f6glicht werden und in einer neuen digitalen Gestaltung unseres Alltags m\u00fcnden. Bareithers Interessen konzentrieren sich auf die Bereiche Anthropologie der Medien und Digitalisierung, Museen und Hertiage Studies, Popul\u00e4rkultur und Spieleforschung, digitale Methoden und ethnographische Datenanalyse sowie die Ethnographie von Gef\u00fchlen. Als Projektleiter und Forscher am\u00a0<\/span><a href=\"http:\/\/www.carmah.berlin\/\"><span style=\"font-weight: 400;\">Centre for Anthropological Research on Museums and Heritage (CARMAH)<\/span><\/a><span style=\"font-weight: 400;\"> wendet er Ans\u00e4tze aus der Anthropologie der Medien und Digitalisierung an, um ein besseres Verst\u00e4ndnis \u00fcber die digitale Transformation im Bereich Museen und kulturelles Erbe zu f\u00f6rdern.\u00a0<\/span><\/p>\n<p><span style=\"font-weight: 400;\">Derzeit leitet er das von der DFG finanzierte Projekt\u00a0<\/span><a href=\"http:\/\/www.carmah.berlin\/curating-digital-images\/\"><span style=\"font-weight: 400;\">Curating Digital Images: Ethnographic Perspectives on the Affordances of Digital Images in Heritage and Museum Contexts<\/span><\/a><span style=\"font-weight: 400;\">\u00a0(mit\u00a0<\/span><a href=\"http:\/\/www.carmah.berlin\/people\/macdonald-sharon\/\"><span style=\"font-weight: 400;\">Sharon Macdonald<\/span><\/a><span style=\"font-weight: 400;\">\u00a0und\u00a0<\/span><a href=\"http:\/\/www.carmah.berlin\/people\/elke_greifeneder\/\"><span style=\"font-weight: 400;\">Elke Greifeneder<\/span><\/a><span style=\"font-weight: 400;\">) sowie das l\u00e4nder\u00fcbergreifende Forschungsprojekt\u00a0<\/span><a href=\"http:\/\/www.carmah.berlin\/chapter\/\"><span style=\"font-weight: 400;\">Challenging Populist Truth-Making in Europe: The Role of Museums in a Digital Post-Truth European Society<\/span><\/a><span style=\"font-weight: 400;\">\u00a0(mit\u00a0<\/span><a href=\"http:\/\/www.carmah.berlin\/people\/macdonald-sharon\/\"><span style=\"font-weight: 400;\">Sharon Macdonald<\/span><\/a><span style=\"font-weight: 400;\">,\u00a0<\/span><a href=\"http:\/\/www.carmah.berlin\/people\/auto-draft\/\"><span style=\"font-weight: 400;\">Haidy Geismar<\/span><\/a><span style=\"font-weight: 400;\">\u00a0und\u00a0<\/span><a href=\"http:\/\/www.carmah.berlin\/people\/auto-draft-2\/\"><span style=\"font-weight: 400;\">Roma Sendyka<\/span><\/a><span style=\"font-weight: 400;\">), das durch die VolkswagenStiftung finanziert wird.<\/span><\/p>\n<\/div>\n<p>\n<\/div><\/div>\n<div class=\"section-full-width section-light\" style=\"background-color:#fff;\" id=\"section-3\"><div class=\"section-boxed\" style=\"color:#000;\"><\/p>\n<div id=\"benjamin\" class=\"box-col-3\"><img decoding=\"async\" class=\"img-frame alignright\" src=\"http:\/\/samcom.uk\/de\/wp-content\/uploads\/2021\/04\/perfil_benjamin.jpg\" width=\"100%\" \/><\/div>\n<div class=\"box-col-9\">\n<h2>Benjamin Elwyn<\/h2>\n<p>Benjamin Elwyn ist ein Frontend-Webentwickler und -designer. Nach Abschluss seines MPhil in Philosophie am King&#8217;s College London arbeitet er neun Jahre freiberuflich an der Erstellung von Webseiten f\u00fcr K\u00fcnstler, Musiker und Kleinunternehmen. Er war au\u00dferdem f\u00fcr eine e-Commerce-Agentur t\u00e4tig und ist aktuell als leitender Frontend-Entwickler bei einem Start-up f\u00fcr Werbetechnik besch\u00e4ftigt. In dieser Zeit hat er verschiedenste Versionen von Standard-\u00dcberwachungstechnologien in allen Bereichen des Internets installiert.<\/p>\n<p>Aus dieser T\u00e4tigkeit ist eine Mischung aus Schrecken, Faszination und der Drang entstanden, genau zu erfahren, was bei unseren Interaktionen mit dem Internet geschieht: welche Informationen geben wir \u00fcber uns preis, was machen Technologieunternehmen mit diesen Informationen und welche Gegenleistung erhalten wir? Sein Wissen basiert nicht auf einem formalen wissenschaftlichen Studium und st\u00fctzt sich auf eigene Erfahrung, die er aus dem praktischen Umgang mit diesen Technologien zieht.<\/p>\n<\/div>\n<p>\n<\/div><\/div>\n<div class=\"section-full-width section-light\" style=\"background-color:#fff;\" id=\"section-4\"><div class=\"section-boxed\" style=\"color:#000;\"><\/p>\n<div id=\"alex\" class=\"box-col-3\"><img decoding=\"async\" class=\"img-frame alignright\" src=\"http:\/\/samcom.uk\/de\/wp-content\/uploads\/2021\/04\/perfil_alex.jpg\" width=\"100%\" \/><\/div>\n<div class=\"box-col-9\">\n<h2>Alex Ungprateeb Flynn<\/h2>\n<p>Alex Ungprateeb Flynn ist Anthropologe, Kurator und Assistant Professor am Department of World Arts and Cultures\/Dance an der University of California in Los Angeles. In seiner Zusammenarbeit mit sozialen Bewegungen und zeitgen\u00f6ssischen K\u00fcnstlern untersucht Flynn in seiner Arbeit das pr\u00e4figurative Potenzial der Kunst im gesellschaftlichen Zusammenhang, die zu einer Theoretisierung von Bereichen wie der Produktion von Wissen, das Pluriversale und die sozialen und \u00e4sthetischen Dimensionen von Form f\u00fchren.<\/p>\n<p>In seiner Arbeit in Brasilien ab 2007 mit dem Landless Workers&#8217; Movement und in j\u00fcngerer Vergangenheit in Mexiko und Argentinien f\u00fcr cartonera publishing hat sich Flynn zunehmend auf die \u00dcberschneidung ethnographischer und kuratorischer Fragestellungen konzentriert, aus denen Ausstellungen und \u00f6ffentliche Programme in Paris (Concrete Mirror, mit Noara Quintana) und S\u00e3o Paulo (Releituras, mit Beatriz Lemos) entstanden sind. Zwischen 2016 und 2017 war Flynn Co-Kurator der Resid\u00eancia Art\u00edstica Cambridge, einem fortlaufenden Kunstprogramm in einem besetzten Geb\u00e4ude im Zentrum von S\u00e3o Paulo. F\u00fcr dieses Projekt erhielt er 2016 die APCA Trophy der S\u00e3o Paulo Association of Art Critics.<\/p>\n<p>Alex Flynn lehrte am Durham University und am University College London und hatte Forschungsstellen an der University of Cambridge, im EHESS, in Paris, an der Universidade de S\u00e3o Paulo und am Ibero-Amerikanischen Institut in Berlin inne. Zusammen mit Jonas Tinius koordiniert er die Plattform FORM*AT, die untersucht, wie k\u00fcnstlerische Ans\u00e4tze eine Rekonzeptualisierung der anthropologischen Theorie und Praxis ausl\u00f6sen k\u00f6nnen.<\/p>\n<\/div>\n<p>\n<\/div><\/div>\n<div class=\"section-full-width section-light\" style=\"background-color:#fff;\" id=\"section-5\"><div class=\"section-boxed\" style=\"color:#000;\"><\/p>\n<div id=\"catarina\" class=\"box-col-3\"><img decoding=\"async\" class=\"img-frame alignright\" src=\"http:\/\/samcom.uk\/de\/wp-content\/uploads\/2021\/04\/perfil_catarina.jpg\" width=\"100%\" \/><\/div>\n<div class=\"box-col-9\">\n<h2>Catarina Frois<\/h2>\n<p><span style=\"font-weight: 400;\">Catarina Frois ist Assistant Professor am ISCTE in Lissabon, wo sie Kurse \u00fcber Kriminalit\u00e4t, Recht und menschliche Sicherheit; Anthropologische Ans\u00e4tze zur Kriminalit\u00e4t; und zu Marginalit\u00e4t, Sucht und Riskoverhalten einf\u00fchrte. In den vergangenen 20\u00a0Jahren standen Fragen der Sicherheits- und \u00dcberwachungspolitik, Stigma, Marginalit\u00e4t und Inhaftierung im Mittelpunkt ihrer Arbeit, die wiederum zu folgenden von ihr verfassten und mitherausgegebenen Ver\u00f6ffentlichungen f\u00fchrte: <\/span><i><span style=\"font-weight: 400;\">Peripheral Vision: Politics, Technology and Surveillance<\/span><\/i><span style=\"font-weight: 400;\"> (Berghahn 2013), <\/span><i><span style=\"font-weight: 400;\">The Anthropology of Security: Perspectives from the Frontline, Counter-Terrorism and Border Control<\/span><\/i><span style=\"font-weight: 400;\"> (Pluto Press 2014) und <\/span><i><span style=\"font-weight: 400;\">Female Imprisonment: An Ethnography of Everyday Life in Confinement<\/span><\/i><span style=\"font-weight: 400;\"> (Palgrave 2017). \u00a0<\/span><\/p>\n<p><span style=\"font-weight: 400;\">Als leitende Forscherin am Center for Research in Anthropology arbeitet sie als Principal Investigator an zahlreichen Projekten, die sich mit der Video\u00fcberwachung auf Freifl\u00e4chen oder dem Geflecht aus Politik, Wirtschaft und Angst befassen. Des Weiteren betreut sie ein umfangreiches ethnographisches Projekt in f\u00fcnfzehn M\u00e4nner- und Frauengef\u00e4ngnissen. Als Co-Principal Investigator koordiniert sie au\u00dferdem ein Team, das die t\u00e4glichen Auswirkungen von Richtlinien zur Sicherheit, Migration, zu wirtschaftlichen Krisen und zu Lebensgrundlagen untersucht.\u00a0<\/span><\/p>\n<\/div>\n<p>\n<\/div><\/div>\n<div class=\"section-full-width section-light\" style=\"background-color:#fff;\" id=\"section-6\"><div class=\"section-boxed\" style=\"color:#000;\"><\/p>\n<div id=\"bruce\" class=\"box-col-3\"><img decoding=\"async\" class=\"img-frame alignright\" src=\"http:\/\/samcom.uk\/de\/wp-content\/uploads\/2021\/04\/perfil_bruce.jpg\" width=\"100%\" \/><\/div>\n<div class=\"box-col-9\">\n<h2>Bruce Kapferer<\/h2>\n<p><span style=\"font-weight: 400;\">Bruce Kapferer ist emeritierter Professor an der Bergen University, Professorial Fellow des University College London, Fellow des Cairns Institute und Director des ERC Egalitarismusprojekts an der University of Bergen. Kapferer hat zwei Antropologieabteilungen in Australien sowie die anthropologische Fachzeitschrift <\/span><i><span style=\"font-weight: 400;\">Social Analysis<\/span><\/i><span style=\"font-weight: 400;\"> ins Leben gerufen.<\/span><\/p>\n<p><span style=\"font-weight: 400;\">Kapferer erhielt seinen Ph.D. 1969 von der University of Manchester unter Max Gluckman und hat ethnographische Studien in Sambia, Australien, S\u00fcdafrika, Kerala und anderen Teilen Indiens durchgef\u00fchrt. Er ist ein f\u00fchrender politischer Anthropologe und Autor zahlreicher B\u00fccher und Beitr\u00e4ge, in denen er Themen wie Rituale, Leistung, Staat, Identit\u00e4t, Nationalismus, Gewalt und Verst\u00e4dterung behandelt. In j\u00fcngerer Zeit hat sich Kapferer der Rolle der Digitalisierung bei der Bildung neuer politischer L\u00f6sungen gewidmet und verfasst derzeit ein Buch \u00fcber Korporatismus.<\/span><\/p>\n<\/div>\n<p>\n<\/div><\/div>\n<div class=\"section-full-width section-light\" style=\"background-color:#fff;\" id=\"section-7\"><div class=\"section-boxed\" style=\"color:#000;\"><\/p>\n<div id=\"joel\" class=\"box-col-3\"><img decoding=\"async\" class=\"img-frame alignright\" src=\"http:\/\/samcom.uk\/de\/wp-content\/uploads\/2021\/04\/perfil_joel.jpg\" width=\"100%\" \/><\/div>\n<div class=\"box-col-9\">\n<h2>Joel Robbins<\/h2>\n<p><span style=\"font-weight: 400;\">Joel Robbins ist Sigrid Rausing Professor f\u00fcr Sozialanthropologie an der Cambridge University, Fellow am Trinity College und Co-Director am Max-Cam Centre f\u00fcr Ethik, Wirtschaft und Sozialen Wandel. Zuvor bekleidete er akademische Positionen an der University of California und am Reed College.<\/span><\/p>\n<p><span style=\"font-weight: 400;\">Robbins hat umfangreiche Feldforschungen in Papua New Guinea betrieben. Sein Schwerpunkt lag auf der Zunahme protestantischer Christen unter den Urapmin in der Region Sandaun. Robbins konnte einen wesentlichen Beitrag zur Anthropologie der Moral leisten. Seine Arbeiten konzentrieren sich auf die Themen Werte, Ethik, kultureller Wandel und Religion. Sein neuestes Buch tr\u00e4gt den Titel <\/span><i><span style=\"font-weight: 400;\">Theology and the Anthropology of Christian Life<\/span><\/i><span style=\"font-weight: 400;\"> (OUP 2020). Zurzeit arbeitet er an einem neuen Werk zum Thema Werte und anthropologische Theorie.<\/span><\/p>\n<\/div>\n<p>\n<\/div><\/div>\n<div class=\"section-full-width section-light\" style=\"background-color:#fff;\" id=\"section-8\"><div class=\"section-boxed\" style=\"color:#000;\"><\/p>\n<div id=\"simon\" class=\"box-col-3\"><img decoding=\"async\" class=\"img-frame alignright\" src=\"http:\/\/samcom.uk\/de\/wp-content\/uploads\/2021\/04\/perfil_simon.jpg\" width=\"100%\" \/><\/div>\n<div class=\"box-col-9\">\n<h2>Simon Szreter<\/h2>\n<p><span style=\"font-weight: 400;\">Simon Szreter ist Professor f\u00fcr Geschichte und \u00d6ffentliche Ordnung an der Cambridge University sowie Fellow des St. John\u2019s College. Seine wesentlichen Forschungsgebiete sind Demographie, \u00f6ffentliche Gesundheit, Wirtschaft und Sozialgeschichte, die Geschichte der empirischen Sozialwissenschaft sowie Methoden zur Registrierung und Erfassung von Bev\u00f6lkerungsgruppen. Gemeinsam mit Keith Breckenridge ist er Mitherausgeber von <\/span><i><span style=\"font-weight: 400;\">Registration and Recognition: Documenting the Person in World History<\/span><\/i><span style=\"font-weight: 400;\"> (Oxford University Press 2012).\u00a0<\/span><\/p>\n<p><span style=\"font-weight: 400;\">2002 war Szreter an der ersten Ver\u00f6ffentlichung des Fachjournals <\/span><i><span style=\"font-weight: 400;\">History and Policy <\/span><\/i><span style=\"font-weight: 400;\">beteiligt, in der die \u00dcberzeugung vertreten wurde, dass Geschichte die Politikgestaltung verbessern kann und muss, um die erneute Erfindung des Rades und eine Wiederholung bereits begangener Fehler zu vermeiden. Bis heute ist er redaktioneller Leiter der Publikation. 2019 erhielt Szreter gemeinsam mit seiner Frau und seinem Sohn den <\/span><a href=\"https:\/\/www.ippr.org\/research\/publications\/incentivising-an-ethical-economics\"><span style=\"font-weight: 400;\">IPPR Economics Prize<\/span><\/a><span style=\"font-weight: 400;\"> f\u00fcr eine Reihe politischer Vorschl\u00e4ge auf Basis der britischen Wirtschaftsgeschichte, um das Wirtschaftswachstum durch die Rekonzeptualisierung des Sozialsystems als Wachstumsf\u00f6rderer anzukurbeln.<\/span><\/p>\n<\/div>\n<p>\n<\/div><\/div>\n<div class=\"section-full-width section-light\" style=\"background-color:#fff;\" id=\"section-9\"><div class=\"section-boxed\" style=\"color:#000;\"><\/p>\n<div id=\"sahana\" class=\"box-col-3\"><img decoding=\"async\" class=\"img-frame alignright\" src=\"http:\/\/samcom.uk\/de\/wp-content\/uploads\/2021\/04\/perfil_sahana.jpg\" width=\"100%\" \/><\/div>\n<div class=\"box-col-9\">\n<h2>Sahana Udupa<\/h2>\n<p><span style=\"font-weight: 400;\">Sahana Udupa ist Professorin f\u00fcr Medienethnologie an der LMU M\u00fcnchen, wo sie zwei vom ERC finanzierte Projekte \u00fcber digitale Politik, Online Extreme Speech und k\u00fcnstliche Intelligenz sowie ein von der Henry Luce Foundation finanziertes Multimediaprojekt \u00fcber Online-Nationalismus leitet. <\/span><span style=\"font-weight: 400;\">Mit dem Ziel, Gespr\u00e4chsr\u00e4ume zwischen Forschung und Communities zu schaffen, hat sie sich in ihren Projekten darum bem\u00fcht, Forschungsergebnisse in M\u00f6glichkeiten in der \u201erealen Welt\u201c zu \u00fcbersetzen. So hat sie politische Entscheidungstr\u00e4ger, kritische Wissenschaftler und Studenten dazu eingeladen, sich gemeinsam mit der \u201edunklen Seite\u201c der digitalen Kommunikation auseinanderzusetzen.\u00a0<\/span><\/p>\n<p><span style=\"font-weight: 400;\">Udupa ist Autorin von <\/span><i><span style=\"font-weight: 400;\">Making News in Global India<\/span><\/i><span style=\"font-weight: 400;\">, (Cambridge University Press 2015) und mit I. Gagliardone und P. Hervik Mitherausgeberin des Buches <\/span><i><span style=\"font-weight: 400;\">Digital Hate: The Global Conjuncture of Extreme Speech<\/span><\/i><span style=\"font-weight: 400;\"> (Indiana University Press 2021)<\/span><span style=\"font-weight: 400;\">. Sie ist Senior Research Partnerin am Max-Planck-Institut zur Erforschung multireligi\u00f6ser und multiethnischer Gesellschaften. Zudem ist sie Mitglied des Beirats von MediaWell, einer Initiative des Social Science Research Council Network for Peace, Security and the United Nations, zur Bewertung von Forschungen \u00fcber digitale Desinformation und Hassrede. Ausgew\u00e4hlte Publikationen und Podcasts von Sahana Udupa finden Sie <\/span><a href=\"https:\/\/www.fordigitaldignity.com\/k_member-sahana-udupa\/\"><span style=\"font-weight: 400;\">hier<\/span><\/a><span style=\"font-weight: 400;\">.<\/span><\/p>\n<\/div>\n<p>\n<\/div><\/div>\n<div class=\"section-full-width section-light\" style=\"background-color:#fff;\" id=\"section-10\"><div class=\"section-boxed\" style=\"color:#000;\"><\/p>\n<div id=\"khadija\" class=\"box-col-3\"><img decoding=\"async\" class=\"img-frame alignright\" src=\"http:\/\/samcom.uk\/de\/wp-content\/uploads\/2021\/04\/perfil_khadija.jpg\" width=\"100%\" \/><\/div>\n<div class=\"box-col-9\">\n<h2>Khadija von Zinnenburg Carroll<\/h2>\n<p><span style=\"font-weight: 400;\">Khadija von Zinnenburg Carroll ist K\u00fcnstlerin, Historikerin und Professorin and Chair of Global Art an der University of Birmingham. Derzeit arbeitet sie als Principal Investigator an einem ERC-Consolidator-Projekt, das die Nachbildung von Originalen anstelle von zur\u00fcckgef\u00fchrten Kulturg\u00fctern untersucht, und nutzt neben standortspezifischen Installationsstrategien Infrastruktur-Aktivismus und institutionellen Ungehorsam. Mithilfe ihrer k\u00fcnstlerischen Forschungspraxis untersucht sie M\u00f6glichkeiten der ethischen und experimentellen Intervention bei Institutionen und beleuchtet Probleme bei \u00dcberwachung, beim extraterritorialen Asyl und in Botschaften, die unter anderem im Savvy, im Haus der Kulturen der Welt und im Rahmen der Silver Sehnsucht im Frieze, London, ausgestellt wurden. Ihre Installationen, Filme und Werke<\/span> <span style=\"font-weight: 400;\">wurden unter anderem auf den Biennalen von Venedig, Marrakesch und Schardscha sowie im ICA London international pr\u00e4sentiert. <\/span><span style=\"font-weight: 400;\">Werke finden sich auch in den Sammlungen des MAA Museum Cambridge und im Oxford Pitt Rivers Museum. Sie ist Stipendiatin der British Academy, der TB21-Academy, des DAAD, der Humboldt Stiftung und des European Research Council sowie Herausgeberin der Zeitschrift <\/span><i><span style=\"font-weight: 400;\">Third Text<\/span><\/i><span style=\"font-weight: 400;\">.\u00a0<\/span><\/p>\n<p><span style=\"font-weight: 400;\">Khadija von Zinnenburg Carroll promovierte an der Harvard University \u00fcber die Aneignung des kolonialen Archivs und ist Autorin bzw. Mitherausgeberin folgender B\u00fccher: <\/span><i><span style=\"font-weight: 400;\">Art in the Time of Colony <\/span><\/i><span style=\"font-weight: 400;\">(Routledge 2016);<\/span><i><span style=\"font-weight: 400;\"> The Importance of Being Anachronistic:\u00a0<\/span><\/i><i><span style=\"font-weight: 400;\">Contemporary Aboriginal Art and Museum Reparations <\/span><\/i><span style=\"font-weight: 400;\">(Third Text Publications 2017);<\/span> <i><span style=\"font-weight: 400;\">Botanical Drift<\/span><\/i><span style=\"font-weight: 400;\">:\u00a0<\/span><i><span style=\"font-weight: 400;\">Plant Protagonists of the Invasive Herbarium <\/span><\/i><span style=\"font-weight: 400;\">(MIT Press 2017); <\/span><i><span style=\"font-weight: 400;\">Bordered Lives: Immigration Detention Archive (MIT Press 2021); and The Contested Crown: The politics of repatriation between America and Europe <\/span><\/i><span style=\"font-weight: 400;\">(University of Chicago Press, forthcoming). <\/span><\/p>\n<\/div>\n<p>\n<\/div><\/div>\n<p>&nbsp;<\/p>\n<p>&nbsp;<\/p>\n","protected":false},"excerpt":{"rendered":"<p>&nbsp; &nbsp;<\/p>\n","protected":false},"author":1,"featured_media":0,"parent":0,"menu_order":0,"comment_status":"closed","ping_status":"closed","template":"template-full-custom.php","meta":{"footnotes":""},"class_list":["post-2528","page","type-page","status-publish","hentry"],"_links":{"self":[{"href":"https:\/\/samcom.uk\/de\/wp-json\/wp\/v2\/pages\/2528","targetHints":{"allow":["GET"]}}],"collection":[{"href":"https:\/\/samcom.uk\/de\/wp-json\/wp\/v2\/pages"}],"about":[{"href":"https:\/\/samcom.uk\/de\/wp-json\/wp\/v2\/types\/page"}],"author":[{"embeddable":true,"href":"https:\/\/samcom.uk\/de\/wp-json\/wp\/v2\/users\/1"}],"replies":[{"embeddable":true,"href":"https:\/\/samcom.uk\/de\/wp-json\/wp\/v2\/comments?post=2528"}],"version-history":[{"count":18,"href":"https:\/\/samcom.uk\/de\/wp-json\/wp\/v2\/pages\/2528\/revisions"}],"predecessor-version":[{"id":2532,"href":"https:\/\/samcom.uk\/de\/wp-json\/wp\/v2\/pages\/2528\/revisions\/2532"}],"wp:attachment":[{"href":"https:\/\/samcom.uk\/de\/wp-json\/wp\/v2\/media?parent=2528"}],"curies":[{"name":"wp","href":"https:\/\/api.w.org\/{rel}","templated":true}]}}