{"id":2489,"date":"2021-04-21T05:48:28","date_gmt":"2021-04-21T04:48:28","guid":{"rendered":"http:\/\/samcom.uk\/de\/?page_id=2489"},"modified":"2021-04-27T13:38:29","modified_gmt":"2021-04-27T12:38:29","slug":"safety","status":"publish","type":"page","link":"https:\/\/samcom.uk\/de\/safety\/","title":{"rendered":"Sicherheit"},"content":{"rendered":"<div class=\"section-full-width section-light2\" style=\"background-color:#ffffff;\" id=\"sicherheit\"><div class=\"section-boxed\" style=\"color:#000000;\"><h2 class=\"section-title\" style=\"color:#000000;\">Sicherheit<\/h2><p>&nbsp;<\/p>\n<div class=\"box-col-9\">Die k\u00f6rperliche Unversehrtheit vulnerabler Personen im \u00f6ffentlichen Raum bietet seit jeher Anlass f\u00fcr Bedenken, die sich mit dem Wachstum der St\u00e4dte zugespitzt haben. Der moralische Wert von Sicherheit als prim\u00e4rer Rechtfertigungsgrund f\u00fcr den fortschreitenden Einsatz von \u00dcberwachungskameras im \u00f6ffentlichen Raum steht in einer speziellen Beziehung zur \u00dcberwachung. Dennoch haben die allgegenw\u00e4rtigen \u00dcberwachungskameras in St\u00e4dten in ganz Europa nicht dazu gef\u00fchrt, dass Hasskriminalit\u00e4t oder andere Angriffe gegen k\u00f6rperlich vulnerable Personen beseitigt wurden. Dies hat in den letzten Jahren zum Aufstieg von Sicherheits-Apps auf Smartphones gef\u00fchrt, die mithilfe von Funktionen wie Standort\u00fcberwachung und Messaging eine Echtzeit\u00fcberwachung von Benutzern durch eine ihnen vertrauensw\u00fcrdige Person erm\u00f6glichen. Dieses Postdoktorandenprojekt wird in London mit Benutzern durchgef\u00fchrt, die sich selbst als k\u00f6rperlich angreifbar betrachten, etwa Frauen oder Minderheiten aufgrund ihrer sexuellen Ausrichtung, Gender oder Ethnie.<\/div>\n<div class=\"box-col-3\"><img decoding=\"async\" class=\"img-frame alignright\" src=\"http:\/\/samcom.uk\/de\/wp-content\/uploads\/2021\/04\/img_safety_.jpg\" width=\"100%\" \/><\/div>\n<p>&nbsp;<\/p>\n<p>\n<\/div><\/div>\n<div class=\"section-full-width section-light2\" style=\"background-color:#f2f2f2;\" id=\"weitereprojekte\"><div class=\"section-boxed\" style=\"color:#000;\"><h2 class=\"section-title\" style=\"color:#000;\">Weitere Projekte<\/h2><div class=\"services-wrapper services-boxed-photo cols-wrapper cols-3\"><div class=\"services-box col\"><a href=\"http:\/\/samcom.uk\/de\/citizenship\/\"><div class=\"img-container\"><img decoding=\"async\" src=\"http:\/\/samcom.uk\/de\/wp-content\/uploads\/2021\/04\/project_citizenship-368x245.jpg\" alt=\"B\u00dcRGER\"\/><\/div><\/a><div class=\"services-content\"><div class=\"sc-wraper\"><h3><a href=\"http:\/\/samcom.uk\/de\/citizenship\/\">B\u00dcRGER<\/a><\/h3><\/div><\/div><\/div><div class=\"services-box col\"><a href=\"http:\/\/samcom.uk\/de\/care\/\"><div class=\"img-container\"><img decoding=\"async\" src=\"http:\/\/samcom.uk\/de\/wp-content\/uploads\/2021\/04\/project_care-368x245.jpg\" alt=\"BETREUUNG\"\/><\/div><\/a><div class=\"services-content\"><div class=\"sc-wraper\"><h3><a href=\"http:\/\/samcom.uk\/de\/care\/\">BETREUUNG<\/a><\/h3><\/div><\/div><\/div><div class=\"services-box col nomargin\"><a href=\"http:\/\/samcom.uk\/de\/health\/\"><div class=\"img-container\"><img decoding=\"async\" src=\"http:\/\/samcom.uk\/de\/wp-content\/uploads\/2021\/04\/project_health-368x245.jpg\" alt=\"GESUNDHEIT\"\/><\/div><\/a><div class=\"services-content\"><div class=\"sc-wraper\"><h3><a href=\"http:\/\/samcom.uk\/de\/health\/\">GESUNDHEIT<\/a><\/h3><\/div><\/div><\/div><div class=\"clear\"><\/div><\/div>\n<\/div><\/div>\n","protected":false},"excerpt":{"rendered":"","protected":false},"author":1,"featured_media":0,"parent":0,"menu_order":0,"comment_status":"closed","ping_status":"closed","template":"template-full-custom.php","meta":{"footnotes":""},"class_list":["post-2489","page","type-page","status-publish","hentry"],"_links":{"self":[{"href":"https:\/\/samcom.uk\/de\/wp-json\/wp\/v2\/pages\/2489","targetHints":{"allow":["GET"]}}],"collection":[{"href":"https:\/\/samcom.uk\/de\/wp-json\/wp\/v2\/pages"}],"about":[{"href":"https:\/\/samcom.uk\/de\/wp-json\/wp\/v2\/types\/page"}],"author":[{"embeddable":true,"href":"https:\/\/samcom.uk\/de\/wp-json\/wp\/v2\/users\/1"}],"replies":[{"embeddable":true,"href":"https:\/\/samcom.uk\/de\/wp-json\/wp\/v2\/comments?post=2489"}],"version-history":[{"count":10,"href":"https:\/\/samcom.uk\/de\/wp-json\/wp\/v2\/pages\/2489\/revisions"}],"predecessor-version":[{"id":2779,"href":"https:\/\/samcom.uk\/de\/wp-json\/wp\/v2\/pages\/2489\/revisions\/2779"}],"wp:attachment":[{"href":"https:\/\/samcom.uk\/de\/wp-json\/wp\/v2\/media?parent=2489"}],"curies":[{"name":"wp","href":"https:\/\/api.w.org\/{rel}","templated":true}]}}