{"id":2488,"date":"2021-04-21T05:48:21","date_gmt":"2021-04-21T04:48:21","guid":{"rendered":"http:\/\/samcom.uk\/de\/?page_id=2488"},"modified":"2023-01-06T14:32:34","modified_gmt":"2023-01-06T14:32:34","slug":"care","status":"publish","type":"page","link":"https:\/\/samcom.uk\/de\/care\/","title":{"rendered":"Betreuung"},"content":{"rendered":"<div class=\"section-full-width section-light2\" style=\"background-color:#ffffff;\" id=\"betreuung\"><div class=\"section-boxed\" style=\"color:#000000;\"><h2 class=\"section-title\" style=\"color:#000000;\">Betreuung<\/h2><\/p>\n<p class=\"box-col-9\" style=\"text-align: left;\">Will ein Mensch das Erwachsenenalter erreichen, muss er einen Gro\u00dfteil seiner ersten Lebensjahre beh\u00fctet werden. Aber was geschieht, wenn diese Art der Betreuung von intelligenten Technologien \u00fcbernommen wird? Die\u00a0vergangenen zehn Jahre haben einen starken Zuwachs an Technologien gebracht, die Kinder digital \u00fcberwachen. Von Socken, die biologische Signale von Babys \u00fcberwachen bis zur Software, die Jugendliche im Internet verfolgen.<\/p>\n<p class=\"box-col-9\" style=\"text-align: left;\">Gleichzeitig ist nicht jeder der Meinung, dass \u00dcberwachung stattfinden sollte, und viele versuchen, sich der zunehmenden Verbreitung von \u00dcberwachungstechnologien zu widersetzen, indem sie zum Beispiel nicht sofort Handys f\u00fcr ihre Kinder kaufen. Dieses Projekt erforscht Perspektiven f\u00fcr und gegen \u00dcberwachung und wie Eltern auf unterschiedliche Weise f\u00fcr ihre Kinder sorgen &#8211; mit oder ohne Technologie.<\/p>\n<p class=\"box-col-9\" style=\"text-align: left;\">Dieses Postdoktorandenprojekt befasst sich damit, wie neue Formen der \u00dcberwachung die Eltern-Kind-Beziehung neu gestaltet. Unter besonderer Ber\u00fccksichtigung der Verwendung von Aufpass-Apps (Anwendungen auf Smart Devices, die den Standort von Kindern aus der Ferne \u00fcberwachen) wird untersucht, wie sich diese urspr\u00fcngliche Beziehung zwischen Beobachter und Beobachtetem entwickelt. Die Untersuchung findet in Deutschland statt, wo Nutzen und Risiken dieses neuen Wirtschaftszweiges Gegenstand einer hitzigen Debatte sind.<\/p>\n<p><img loading=\"lazy\" decoding=\"async\" class=\"img-frame alignright\" src=\"http:\/\/samcom.uk\/wp-content\/uploads\/2021\/04\/img_care_.jpg\" width=\"227\" height=\"269\" \/><\/p>\n<p>\n<\/div><\/div>\n<div class=\"section-full-width section-light2\" style=\"background-color:#ffffff;\" id=\"\u00dcberdieanthropologin\"><div class=\"section-boxed\" style=\"color:#000000;\"><h2 class=\"section-title\" style=\"color:#000000;\">\u00dcber die Anthropologin <\/h2><\/p>\n<div><\/div>\n<div><\/div>\n<div><span style=\"color: #ffffff;\">sdsdadasdsa<\/span><\/div>\n<h2 class=\"box-col-3\"><img decoding=\"async\" class=\"img-frame \" src=\"https:\/\/samcom.uk\/wp-content\/uploads\/2021\/11\/photo-Claire-Dungey.jpg\" width=\"100%\" \/><\/h2>\n<div class=\"box-col-9\">\n<p class=\"x_MsoNormal\"><span class=\"x_ContentPasted0\" lang=\"DE\">Dr. Claire Dungey ist wissenschaftliche Mitarbeiterin in der Abteilung f\u00fcr Digitale Geisteswissenschaften am King&#8217;s College London.\u00a0<\/span><\/p>\n<p class=\"x_MsoNormal\"><span class=\"x_ContentPasted0\" lang=\"DE\">Claire Dungey arbeitet jetzt in dem von Dr. Vita Peacock geleiteten Forschungsprojekt\u00a0<span class=\"x_ContentPasted0\">\u00a0<\/span>&#8220;\u00dcberwachung und Moralitet: Anthropologien der \u00dcberwachung in Deutschland und Gro\u00dfbritannien&#8221;. Claire undersucht wie F\u00fcrsorge durch intelligente Technologien vermittelt wird und wie neue Formen der App-basierten \u00dcberwachung die Beziehungen zwischen Kindern und Eltern in Deutschland neu vermitteln.\u00a0<\/span><\/p>\n<p class=\"x_MsoNormal\"><span class=\"x_ContentPasted0\" lang=\"DE\">Claire hat einen Doktortitel in Anthropologie von der Universit\u00e4t Aarhus in D\u00e4nemark (2015), der auf einer Feldforschung in Uganda \u00fcber Schulbildung und das Verst\u00e4ndnis von Kindern f\u00fcr Freundschaft, F\u00fcrsorge und Misstrauen basiert. Sie hat \u00fcber einen Zeitraum von sieben Jahren mehrere Kurse im Bereich Anthropologie der Bildung und Schulbildung an der Universit\u00e4t Aarhus und der Brunel University London unterrichtet.\u00a0<\/span><\/p>\n<p class=\"x_MsoNormal\"><span class=\"x_ContentPasted0\" lang=\"DE\">An der Brunel University London (2016-2018) arbeitete sie an einem Projekt \u00fcber Aspiration und Zukunft in Lesotho, das Feldforschung in Schulen und Familien beinhaltete. Von 2019 bis 21 konzentrierte sie sich auf die Bestrebungen junger Frauen, im Verkehrssektor zu arbeiten, und auf deren Mobilit\u00e4tsherausforderungen in Tunis, Abuja und Kapstadt, wozu sie junge Frauen als Peer-Forscherinnen ausbildete und arbeitete mit Nichtregierungsorganisationen zusammen, die sich um Ver\u00e4nderungen bem\u00fchten. Claire arbeitete mit Gemeindemitgliedern (peer-Forscherinnen) zusammen, die aktiv f\u00fcr das Projekt recherchierten, wann immer dies m\u00f6glich war, sowohl vor als auch w\u00e4hrend der Covid-Pandemie \u2013 online und vor ort (Durham University). Von 2020-21 w\u00e4hrend der Koronapandemi,\u00a0<span class=\"x_ContentPasted0\">\u00a0<\/span>f\u00fchrte Claire auch Forschungsarbeiten \u00fcber Zukunftsplanung, soziale Eingliederung, und und Reisen mit dem Fahrrad oder zu Fu\u00df\u00a0<span class=\"x_ContentPasted0\">\u00a0<\/span>im Vereinigten K\u00f6nigreich durch. \u00a0<\/span><\/p>\n<p class=\"x_MsoNormal\"><span class=\"x_ContentPasted0\" lang=\"DE\">Insgesamt interessiert sich Claire f\u00fcr die Erforschung von Mobilit\u00e4tsfragen, das Reisen von Kindern und die Frage, wie sich Betreuungsbeziehungen in Familien auswirken.\u00a0<\/span><\/p>\n<p class=\"x_MsoNormal\"><span class=\"x_ContentPasted0\" lang=\"DE\">Ihr Mitarbeiterprofil finden Sie\u00a0<span class=\"x_ContentPasted0\"><a href=\"https:\/\/www.kcl.ac.uk\/people\/claire-elisabeth-dungey\">hier<\/a>.<\/span>\u00a0<\/span><\/p>\n<\/div>\n<p>\n<\/div><\/div>\n<div class=\"section-full-width section-light2\" style=\"background-color:#f2f2f2;\" id=\"weitereprojekte\"><div class=\"section-boxed\" style=\"color:#000;\"><h2 class=\"section-title\" style=\"color:#000;\">Weitere Projekte<\/h2><div class=\"services-wrapper services-boxed-photo cols-wrapper cols-3\"><div class=\"services-box col\"><a href=\"http:\/\/samcom.uk\/de\/citizenship\/\"><div class=\"img-container\"><img decoding=\"async\" src=\"http:\/\/samcom.uk\/de\/wp-content\/uploads\/2021\/04\/project_citizenship-368x245.jpg\" alt=\"B\u00dcRGER\"\/><\/div><\/a><div class=\"services-content\"><div class=\"sc-wraper\"><h3><a href=\"http:\/\/samcom.uk\/de\/citizenship\/\">B\u00dcRGER<\/a><\/h3><\/div><\/div><\/div><div class=\"services-box col\"><a href=\"http:\/\/samcom.uk\/de\/health\/\"><div class=\"img-container\"><img decoding=\"async\" src=\"http:\/\/samcom.uk\/de\/wp-content\/uploads\/2021\/04\/project_health-368x245.jpg\" alt=\"GESUNDHEIT\"\/><\/div><\/a><div class=\"services-content\"><div class=\"sc-wraper\"><h3><a href=\"http:\/\/samcom.uk\/de\/health\/\">GESUNDHEIT<\/a><\/h3><\/div><\/div><\/div><div class=\"services-box col nomargin\"><a href=\"http:\/\/samcom.uk\/de\/safety\/\"><div class=\"img-container\"><img decoding=\"async\" src=\"http:\/\/samcom.uk\/de\/wp-content\/uploads\/2021\/04\/img_safety_slider_-368x245.jpg\" alt=\"SICHERHEIT\"\/><\/div><\/a><div class=\"services-content\"><div class=\"sc-wraper\"><h3><a href=\"http:\/\/samcom.uk\/de\/safety\/\">SICHERHEIT<\/a><\/h3><\/div><\/div><\/div><div class=\"clear\"><\/div><\/div>\n<\/div><\/div>\n","protected":false},"excerpt":{"rendered":"","protected":false},"author":1,"featured_media":0,"parent":0,"menu_order":0,"comment_status":"closed","ping_status":"closed","template":"template-full-custom.php","meta":{"footnotes":""},"class_list":["post-2488","page","type-page","status-publish","hentry"],"_links":{"self":[{"href":"https:\/\/samcom.uk\/de\/wp-json\/wp\/v2\/pages\/2488","targetHints":{"allow":["GET"]}}],"collection":[{"href":"https:\/\/samcom.uk\/de\/wp-json\/wp\/v2\/pages"}],"about":[{"href":"https:\/\/samcom.uk\/de\/wp-json\/wp\/v2\/types\/page"}],"author":[{"embeddable":true,"href":"https:\/\/samcom.uk\/de\/wp-json\/wp\/v2\/users\/1"}],"replies":[{"embeddable":true,"href":"https:\/\/samcom.uk\/de\/wp-json\/wp\/v2\/comments?post=2488"}],"version-history":[{"count":28,"href":"https:\/\/samcom.uk\/de\/wp-json\/wp\/v2\/pages\/2488\/revisions"}],"predecessor-version":[{"id":2862,"href":"https:\/\/samcom.uk\/de\/wp-json\/wp\/v2\/pages\/2488\/revisions\/2862"}],"wp:attachment":[{"href":"https:\/\/samcom.uk\/de\/wp-json\/wp\/v2\/media?parent=2488"}],"curies":[{"name":"wp","href":"https:\/\/api.w.org\/{rel}","templated":true}]}}