{"id":2487,"date":"2021-04-21T05:48:16","date_gmt":"2021-04-21T04:48:16","guid":{"rendered":"http:\/\/samcom.uk\/de\/?page_id=2487"},"modified":"2021-05-04T12:46:18","modified_gmt":"2021-05-04T11:46:18","slug":"citizenship","status":"publish","type":"page","link":"https:\/\/samcom.uk\/de\/citizenship\/","title":{"rendered":"B\u00fcrger"},"content":{"rendered":"<div class=\"section-full-width section-light2\" style=\"background-color:#ffffff;\" id=\"b\u00fcrger\"><div class=\"section-boxed\" style=\"color:#000000;\"><h2 class=\"section-title\" style=\"color:#000000;\">B\u00fcrger<\/h2><p>&nbsp;<\/p>\n<div class=\"box-col-9\">\u00dcberwachung und B\u00fcrgerrechte haben sich Hand in Hand entwickelt. B\u00fcrger eines Staates zu sein bedeutet, von ihm \u201egesehen\u201c zu werden. Dabei setzte diese Sichtbarkeit immer den Zugang zu dessen Gemeing\u00fctern voraus. Aber wie wird die historische Kategorie der B\u00fcrgerrechte unter dem Druck der Digitalisierung gebogen und gedehnt? In wie fern weiten sie die M\u00f6glichkeiten des Staates f\u00fcr eine moralische und unmoralische \u00dcberwachung aus und wie erzeugen sie neue Allianzen zwischen Unternehmen und Staat hinsichtlich der \u00dcberwachung? Der Principal Investigator untersucht diese Fragen aus der Sicht digitaler Aktivisten in Berlin. Als N\u00e4hrboden dieses weltweiten Zentrums f\u00fcr die Kritik an der digitalen \u00dcberwachung dienen zumindest teilweise die historischen \u00dcberwachungspraktiken der Stadt. Der Principal Investigator versucht, diese Kritik offenzulegen und ihre kurz- und langfristigen kulturellen Urspr\u00fcnge zu untersuchen. Welche weitreichenden Lehren aus Berlins Vergangenheit und Gegenwart k\u00f6nnen wir f\u00fcr die Frage der \u00dcberwachung ziehen?<\/div>\n<div class=\"box-col-3\"><img decoding=\"async\" class=\"img-frame alignright\" src=\"http:\/\/samcom.uk\/de\/wp-content\/uploads\/2021\/04\/img_citizen_.jpg\" width=\"100%\" \/><\/div>\n<p>\n<\/div><\/div>\n<div class=\"section-full-width section-light2\" style=\"background-color:#ffffff;\" id=\"section-1\"><div class=\"section-boxed\" style=\"color:#000000;\"><\/p>\n<div class=\"box-col-3\"><img decoding=\"async\" class=\"img-frame alignright\" src=\"http:\/\/samcom.uk\/de\/wp-content\/uploads\/2021\/04\/perfil_vita.jpg\" width=\"100%\" \/><\/div>\n<div class=\"box-col-9\">\n<h2>\u00dcber die Anthropologin<\/h2>\n<p><b>Dr. Vita Peacock ist Principal Investigator von SAMCOM und wissenschaftliche Mitarbeiterin im Department of Digital Humanities am King\u2019s College London.<br \/>\n<\/b><\/p>\n<p>Peacock hat ihren Ph.D. 2014 in Sozialanthropologie am University College London erworben. Sie hat am University College London and Cambridge unterrichtet und als Gastwissenschaftlerin an der Columbia University, in Cambridge und an der LMU M\u00fcnchen gearbeitet. Ihre Arbeiten nach ihrer Promotion wurden durch Stipendien des Economic and Social Sciences Research Council und der Humboldt Foundation gef\u00f6rdert. 2018 erhielt sie den Early Career Award der European Association of Social Anthropologists. Zwischen 2014 und 2017 f\u00fchrte sie umfangreiche Feldforschungen mit Unterst\u00fctzern der Anonymous-Bewegung in Gro\u00dfbritannien durch, die als Einzelwerk <em>Digital Initiation Rites: The Arc of Anonymous in Britain<\/em> erscheinen werden. Ihr Mitarbeiterprofil finden Sie <a href=\"https:\/\/www.kcl.ac.uk\/people\/vita-peacock\" target=\"_blank\" rel=\"noopener\">hier<\/a>.<\/p>\n<p>Im akademischen Jahr 2021\/2022 wird Peacock als Gastwissenschaftlerin im Media &amp; Digital Anthropology Lab am Institut f\u00fcr Europ\u00e4ische Ethnologie der Humboldt-Universit\u00e4t zu Berlin t\u00e4tig sein.<\/p>\n<\/div>\n<p>&nbsp;<\/p>\n<p>\n<\/div><\/div>\n<div class=\"section-full-width section-light2\" style=\"background-color:#f2f2f2;\" id=\"weitereprojekte\"><div class=\"section-boxed\" style=\"color:#000;\"><h2 class=\"section-title\" style=\"color:#000;\">Weitere Projekte<\/h2><div class=\"services-wrapper services-boxed-photo cols-wrapper cols-3\"><div class=\"services-box col\"><a href=\"http:\/\/samcom.uk\/de\/care\/\"><div class=\"img-container\"><img decoding=\"async\" src=\"http:\/\/samcom.uk\/de\/wp-content\/uploads\/2021\/04\/project_care-368x245.jpg\" alt=\"BETREUUNG\"\/><\/div><\/a><div class=\"services-content\"><div class=\"sc-wraper\"><h3><a href=\"http:\/\/samcom.uk\/de\/care\/\">BETREUUNG<\/a><\/h3><\/div><\/div><\/div><div class=\"services-box col\"><a href=\"http:\/\/samcom.uk\/de\/health\/\"><div class=\"img-container\"><img decoding=\"async\" src=\"http:\/\/samcom.uk\/de\/wp-content\/uploads\/2021\/04\/project_health-368x245.jpg\" alt=\"GESUNDHEIT\"\/><\/div><\/a><div class=\"services-content\"><div class=\"sc-wraper\"><h3><a href=\"http:\/\/samcom.uk\/de\/health\/\">GESUNDHEIT<\/a><\/h3><\/div><\/div><\/div><div class=\"services-box col nomargin\"><a href=\"http:\/\/samcom.uk\/de\/safety\/\"><div class=\"img-container\"><img decoding=\"async\" src=\"http:\/\/samcom.uk\/de\/wp-content\/uploads\/2021\/04\/img_safety_slider_-368x245.jpg\" alt=\"SICHERHEIT\"\/><\/div><\/a><div class=\"services-content\"><div class=\"sc-wraper\"><h3><a href=\"http:\/\/samcom.uk\/de\/safety\/\">SICHERHEIT<\/a><\/h3><\/div><\/div><\/div><div class=\"clear\"><\/div><\/div>\n<\/div><\/div>\n","protected":false},"excerpt":{"rendered":"","protected":false},"author":1,"featured_media":0,"parent":0,"menu_order":0,"comment_status":"closed","ping_status":"closed","template":"template-full-custom.php","meta":{"footnotes":""},"class_list":["post-2487","page","type-page","status-publish","hentry"],"_links":{"self":[{"href":"https:\/\/samcom.uk\/de\/wp-json\/wp\/v2\/pages\/2487","targetHints":{"allow":["GET"]}}],"collection":[{"href":"https:\/\/samcom.uk\/de\/wp-json\/wp\/v2\/pages"}],"about":[{"href":"https:\/\/samcom.uk\/de\/wp-json\/wp\/v2\/types\/page"}],"author":[{"embeddable":true,"href":"https:\/\/samcom.uk\/de\/wp-json\/wp\/v2\/users\/1"}],"replies":[{"embeddable":true,"href":"https:\/\/samcom.uk\/de\/wp-json\/wp\/v2\/comments?post=2487"}],"version-history":[{"count":12,"href":"https:\/\/samcom.uk\/de\/wp-json\/wp\/v2\/pages\/2487\/revisions"}],"predecessor-version":[{"id":2816,"href":"https:\/\/samcom.uk\/de\/wp-json\/wp\/v2\/pages\/2487\/revisions\/2816"}],"wp:attachment":[{"href":"https:\/\/samcom.uk\/de\/wp-json\/wp\/v2\/media?parent=2487"}],"curies":[{"name":"wp","href":"https:\/\/api.w.org\/{rel}","templated":true}]}}