{"id":2464,"date":"2021-04-20T23:21:06","date_gmt":"2021-04-20T22:21:06","guid":{"rendered":"http:\/\/samcom.uk\/de\/?page_id=2464"},"modified":"2021-04-27T13:39:16","modified_gmt":"2021-04-27T12:39:16","slug":"health","status":"publish","type":"page","link":"https:\/\/samcom.uk\/de\/health\/","title":{"rendered":"Gesundheit"},"content":{"rendered":"<div class=\"section-full-width section-light2\" style=\"background-color:#ffffff;\" id=\"gesundheit\"><div class=\"section-boxed\" style=\"color:#000000;\"><h2 class=\"section-title\" style=\"color:#000000;\">Gesundheit<\/h2><p>&nbsp;<\/p>\n<div class=\"box-col-9\">Herzmonitore, Schrittz\u00e4hler und Schlafmonitore sind unter den Technologien, die die biologische Aktivit\u00e4t von Menschen \u00fcberwachen und allgegenw\u00e4rtig geworden sind. Wissenschaftler haben den Aufstieg dieser durch digitale Ger\u00e4te erm\u00f6glichten messbaren Selbst\u00fcberwachung der Gesundheit von Anbeginn verfolgt. Im Zuge der Pandemie hat die Debatte \u00fcber die moralischen Grenzen der Gesundheits\u00fcberwachung einen neuen Stellenwert erreicht. Die Entwicklung von Apps zur Diagnose, zum Aufsp\u00fcren und Nachverfolgen Infizierter mithilfe von Smart Devices, die diese bereits besitzen, haben die \u00dcberschneidung von privater und \u00f6ffentlicher Gesundheits\u00fcberwachung f\u00fcr alle sichtbar gemacht. Dieses Postdoktorandenprojekt untersucht die Verwendung von Gesundheits-Apps als Gradmesser f\u00fcr das biologische Ich, das mit bestimmten sozialen und kulturellen Beziehungen verbunden ist. Die Untersuchung wird in Gro\u00dfbritannien durchgef\u00fchrt, wo seit Gr\u00fcndung des National Health Service der Einzelne als Gegenstand von Gesundheitsmerkmalen eine fest verankerte Form der sozialen Anerkennung genie\u00dft.<\/div>\n<div class=\"box-col-3\"><img decoding=\"async\" class=\"img-frame alignright\" src=\"http:\/\/samcom.uk\/de\/wp-content\/uploads\/2021\/04\/img_health_.jpg\" width=\"100%\" \/><\/div>\n<p>&nbsp;<\/p>\n<p>\n<\/div><\/div>\n<div class=\"section-full-width section-light2\" style=\"background-color:#f2f2f2;\" id=\"weitereprojekte\"><div class=\"section-boxed\" style=\"color:#000;\"><h2 class=\"section-title\" style=\"color:#000;\">Weitere Projekte<\/h2><div class=\"services-wrapper services-boxed-photo cols-wrapper cols-3\"><div class=\"services-box col\"><a href=\"http:\/\/samcom.uk\/de\/citizenship\/\"><div class=\"img-container\"><img decoding=\"async\" src=\"http:\/\/samcom.uk\/de\/wp-content\/uploads\/2021\/04\/project_citizenship-368x245.jpg\" alt=\"B\u00dcRGER\"\/><\/div><\/a><div class=\"services-content\"><div class=\"sc-wraper\"><h3><a href=\"http:\/\/samcom.uk\/de\/citizenship\/\">B\u00dcRGER<\/a><\/h3><\/div><\/div><\/div><div class=\"services-box col\"><a href=\"http:\/\/samcom.uk\/de\/care\/\"><div class=\"img-container\"><img decoding=\"async\" src=\"http:\/\/samcom.uk\/de\/wp-content\/uploads\/2021\/04\/project_care-368x245.jpg\" alt=\"BETREUUNG\"\/><\/div><\/a><div class=\"services-content\"><div class=\"sc-wraper\"><h3><a href=\"http:\/\/samcom.uk\/de\/care\/\">BETREUUNG<\/a><\/h3><\/div><\/div><\/div><div class=\"services-box col nomargin\"><a href=\"http:\/\/samcom.uk\/de\/safety\/\"><div class=\"img-container\"><img decoding=\"async\" src=\"http:\/\/samcom.uk\/de\/wp-content\/uploads\/2021\/04\/img_safety_slider_-368x245.jpg\" alt=\"SICHERHEIT\"\/><\/div><\/a><div class=\"services-content\"><div class=\"sc-wraper\"><h3><a href=\"http:\/\/samcom.uk\/de\/safety\/\">SICHERHEIT<\/a><\/h3><\/div><\/div><\/div><div class=\"clear\"><\/div><\/div>\n<\/div><\/div>\n","protected":false},"excerpt":{"rendered":"","protected":false},"author":1,"featured_media":0,"parent":0,"menu_order":0,"comment_status":"closed","ping_status":"closed","template":"template-full-custom.php","meta":{"footnotes":""},"class_list":["post-2464","page","type-page","status-publish","hentry"],"_links":{"self":[{"href":"https:\/\/samcom.uk\/de\/wp-json\/wp\/v2\/pages\/2464","targetHints":{"allow":["GET"]}}],"collection":[{"href":"https:\/\/samcom.uk\/de\/wp-json\/wp\/v2\/pages"}],"about":[{"href":"https:\/\/samcom.uk\/de\/wp-json\/wp\/v2\/types\/page"}],"author":[{"embeddable":true,"href":"https:\/\/samcom.uk\/de\/wp-json\/wp\/v2\/users\/1"}],"replies":[{"embeddable":true,"href":"https:\/\/samcom.uk\/de\/wp-json\/wp\/v2\/comments?post=2464"}],"version-history":[{"count":17,"href":"https:\/\/samcom.uk\/de\/wp-json\/wp\/v2\/pages\/2464\/revisions"}],"predecessor-version":[{"id":2782,"href":"https:\/\/samcom.uk\/de\/wp-json\/wp\/v2\/pages\/2464\/revisions\/2782"}],"wp:attachment":[{"href":"https:\/\/samcom.uk\/de\/wp-json\/wp\/v2\/media?parent=2464"}],"curies":[{"name":"wp","href":"https:\/\/api.w.org\/{rel}","templated":true}]}}