{"id":1521,"date":"2014-05-21T09:02:52","date_gmt":"2014-05-21T09:02:52","guid":{"rendered":"http:\/\/pexetothemes.com\/demos\/story_wp\/?page_id=1521"},"modified":"2021-05-03T22:00:54","modified_gmt":"2021-05-03T21:00:54","slug":"home-default","status":"publish","type":"page","link":"https:\/\/samcom.uk\/de\/","title":{"rendered":"Home &#8211; default"},"content":{"rendered":"<div class=\"section-full-width section-light\" style=\"background-color:#ffffff;\" id=\"section-1\"><div class=\"section-boxed\" style=\"color:#000000;\"><\/p>\n<div id=\"about\" class=\"boxTexto\">\n<h2>\u00dcber uns<\/h2>\n<p>\u00dcberwachung \u2013 die Beobachtung mithilfe von Technologien \u2013 ist fester Bestandteil unseres Alltags in Europa geworden. Video- und Audioaufzeichnungen, GPS-Systeme, Sensoren, Biometrie und Browser-Tracking sind Teil der \u00dcberwachung, die die heutige Gesellschaft beeinflussen. Diese vom Europ\u00e4ischen Forschungsrat finanzierte gemeinsame Studie untersucht, wie und warum Menschen freiwillig \u00dcberwachungstechnologien verwenden, um von ihnen gesch\u00e4tzte Projekte voranzubringen. Mithilfe von Perspektiven und Methoden der Anthropologie versucht das Team herauszufinden, welche Rolle diese Technologien in der Beaufsichtigung von Personen, im Gesundheitswesen, bei der Sicherheit und bei B\u00fcrgerrechten spielen. Die Feldforschung wird an vier Standorten in Deutschland und Gro\u00dfbritannien durchgef\u00fchrt. Der geschichtliche Hintergrund und die Haltung dieser Orte bez\u00fcglich der \u00dcberwachung weisen markante Merkmale auf und \u00e4hneln sich.<\/p>\n<h2>Entwicklung der Debatte<\/h2>\n<p>\u00dcberwachung ist seit vielen Jahren Gegenstand der \u00f6ffentlichen Debatte in Europa, deren Bedeutung im Zuge von Covid-19 weiter zugenommen hat. Wie k\u00f6nnen Abw\u00e4gungen zwischen der \u00dcberwachung mithilfe von Technologien und der Verwirklichung von sozialen G\u00fctern getroffen werden? Welche Formen der \u00dcberwachung sind angemessen und welche greifen in die Privatsph\u00e4re ein? Das Projekt stellt diese Dilemmas der moralischen und unmoralischen \u00dcberwachung in den Vordergrund. Langfristige ethnographische Methoden sollen eine klarere Linie zwischen \u00dcberwachungspraktiken definieren, die dem menschlichen Wohlergehen zu- bzw. abtr\u00e4glich sind.<\/p>\n<p>Traditionell wird Privatsph\u00e4re als Gegenpol zur \u00dcberwachung betrachtet. Aber was, wenn der Gegensatz zwischen Privatsph\u00e4re und \u00dcberwachung in Wirklichkeit eine produktive Auseinandersetzung \u00fcber die Ethik dieser Technologien verhindert? Stattdessen ersetzen wir diesen Gegensatz durch einen anderen konzeptionellen Zwilling: Monitoring und Nicht-Monitoring. Dieser alternative Gegensatz ber\u00fccksichtigt, wie Selbst\u00fcberwachung in Europa eine \u00fcbliche Form der sozialen Teilhabe im 21. Jahrhundert wurde. Gleichzeitig soll er eine Debatte \u00fcber soziale R\u00e4ume und Situationen anregen, die m\u00f6glicherweise ein Recht auf \u00dcberwachungsfreiheit erfordern.<\/p>\n<h2>Zusammenarbeit<\/h2>\n<p>Das Kernteam aus Anthropologen ist in ein breites Milieu aus Netzwerken und Kollaborationen eingebettet. An kritischen Stellen steht dem Projekt ein Beratungsausschuss unterst\u00fctzend zur Seite, der sich aus bedeutenden Wissenschaftlern und Fachleuten der Bereiche Anthropologie, Geschichte, \u00dcberwachungsstudien, Leistungsstudien und digitale Kulturen zusammensetzt und technische Kenntnisse \u00fcber Trackingtechnologien besitzt. Unsere Gr\u00fcndung ist eng mit dem Anthropology of Surveillance Network verbunden, ein Kollektiv von Anthropologen, die sich mit \u00dcberwachung besch\u00e4ftigen. Das Projekt soll \u00fcber die wissenschaftliche Forschung hinaus das Versprechen der ethnographischen Theorie einl\u00f6sen, das wachsende Bewusstsein innerhalb der Anthropologie zu sch\u00e4rfen, dass ihre Methoden eine Quelle f\u00fcr Deep Learning zum Nutzen der Allgemeinheit darstellen k\u00f6nnen. Der Principal Investigator fungiert als Schnittstelle zwischen Wissenschaft und Datenaktivismus, und arbeitet mit digitalen Lobbygruppen, um die allgemeine Bestrebung zu unterst\u00fctzen, diese neuen soziotechnischen Welten so auszurichten, dass die heutige und zuk\u00fcnftige Generationen profitieren.<\/p>\n<h2>Das M\u00f6biusband<\/h2>\n<p>Der konzeptionelle Dreh- und Angelpunkt dieser Untersuchung liegt in der historischen Verbindung zwischen \u00dcberwachung und moralischer Gemeinschaft sowie \u00dcberwachungstechnologien und der Existenz von Gemeinschaften, die sich gleicherma\u00dfen f\u00fcr einen bestimmten Nutzen einsetzen. Die Frage nach dem Nutzen ist jedoch alles andere als eindeutig. Jede Seite dieser Dynamik birgt neben den Vorteilen erhebliche Risiken und Gefahren. Das M\u00f6biusband kann uns als Denkansto\u00df dienen. In dieser Endloschleife mit nur einer halben Drehung wird die Innenseite zur Au\u00dfenseite und die Au\u00dfenseite zur Innenseite, das Oben zum Unten und das Unten zum Oben. Das Band visualisiert die moralische Ambivalenz beider Ph\u00e4nomene und den st\u00e4ndigen Austausch zwischen ihnen, w\u00e4hrend das Soziale technisch wird und das Technische sozial.<\/p>\n<\/div>\n<p>\n<\/div><\/div>\n<div class=\"section-full-width section-light2\" style=\"background-color:#f2f2f2;\" id=\"projekte\"><div class=\"section-boxed\" style=\"color:#000000;\"><h2 class=\"section-title\" style=\"color:#000000;\">Projekte<\/h2><p>&nbsp;<\/p>\n<div class=\"cols-wrapper cols-2 boxProjetoMargin \">\n<div class=\"col boxProjeto \">\n<p><img decoding=\"async\" class=\"img-frame \" src=\"http:\/\/samcom.uk\/de\/wp-content\/uploads\/2021\/04\/project_care.jpg\" width=\"100%\" \/><\/p>\n<h3>BETREUUNG<\/h3>\n<p><span class=\"boxProjetoTxt \" style=\"color: #000000;\">Dieses Postdoktorandenprojekt untersucht, wie sich die urspr\u00fcngliche Beziehung zwischen Beobachter und Beobachtetem entwickelt. <\/span><\/p>\n<p><a class=\"read-more\" href=\"http:\/\/samcom.uk\/de\/care\/\">Weitere Informationen dazu&#8230;<\/a><\/p>\n<\/div>\n<div class=\"col nomargin boxProjeto \">\n<p><img decoding=\"async\" class=\"img-frame \" src=\"http:\/\/samcom.uk\/de\/wp-content\/uploads\/2021\/04\/project_health.jpg\" width=\"100%\" \/><\/p>\n<h3>GESUNDHEIT<\/h3>\n<p><span class=\"boxProjetoTxt \" style=\"color: #000000;\">Dieses Postdoktorandenprojekt untersucht die Schnittmenge zwischen der \u00dcberwachung der pers\u00f6nlichen und \u00f6ffentlichen Gesundheit im Zuge der Pandemie.<\/span><\/p>\n<p><a class=\"read-more\" href=\"http:\/\/samcom.uk\/de\/health\/\">Weitere Informationen dazu&#8230;<\/a><\/p>\n<\/div>\n<\/div>\n<div class=\"cols-wrapper cols-2 boxProjetoMargin \">\n<div class=\"col boxProjeto \">\n<p><img decoding=\"async\" class=\"img-frame \" src=\"http:\/\/samcom.uk\/de\/wp-content\/uploads\/2021\/04\/img_safety_slider_.jpg\" width=\"100%\" \/><\/p>\n<h3>SICHERHEIT<\/h3>\n<p><span class=\"boxProjetoTxt \" style=\"color: #000000;\">Dieses Postdoktorandenprojekt untersucht die Verwendung von Sicherheits-Apps durch vulnerable Personen auf ihrem Weg durch die Stadt. <\/span><\/p>\n<p><a class=\"read-more\" href=\"http:\/\/samcom.uk\/de\/safety\/\">Weitere Informationen dazu&#8230;<\/a><\/p>\n<\/div>\n<div class=\"col nomargin boxProjeto \">\n<p><img decoding=\"async\" class=\"img-frame \" src=\"http:\/\/samcom.uk\/de\/wp-content\/uploads\/2021\/04\/project_citizenship.jpg\" width=\"100%\" \/><\/p>\n<h3>B\u00dcRGER<\/h3>\n<p><span class=\"boxProjetoTxt \" style=\"color: #000000;\">Dieses Principal Investigator-Projekt untersucht die historische Beziehung zwischen \u00dcberwachung und B\u00fcrgern, und wie dieser Vertrag unter dem Einfluss der Digitalisierung neu geformt wird.<\/span><\/p>\n<p><a class=\"read-more\" href=\"http:\/\/samcom.uk\/de\/citizenship\/\">Weitere Informationen dazu&#8230;<\/a><\/p>\n<\/div>\n<\/div>\n<p>\n<\/div><\/div>\n<div class=\"section-full-width section-light2\" style=\"background-color:#ffffff;\" id=\"beratungsausschuss\"><div class=\"section-boxed\" style=\"color:#000000;\"><h2 class=\"section-title\" style=\"color:#000000;\">Beratungsausschuss<\/h2><p>&nbsp;<\/p>\n<div class=\"services-wrapper services-thumbnail pexeto-parallax\"><div class=\"services-box col\"><div class=\"thumbnail-wrapper\"><div class=\"services-img\" style=\"background-image:url(http:\/\/samcom.uk\/de\/wp-content\/uploads\/2021\/04\/perfil_christoph.jpg)\"><\/div><div class=\"services-content\"><div class=\"sc-wraper\"><h3><a href=\"http:\/\/samcom.uk\/de\/advisory-board#christoph\">Christoph Bareither <\/a><\/h3><\/div><\/div><\/div><\/div><div class=\"services-box col\"><div class=\"thumbnail-wrapper\"><div class=\"services-img\" style=\"background-image:url(http:\/\/samcom.uk\/de\/wp-content\/uploads\/2021\/04\/perfil_benjamin.jpg)\"><\/div><div class=\"services-content\"><div class=\"sc-wraper\"><h3><a href=\"http:\/\/samcom.uk\/de\/advisory-board#benjamin\">Benjamin Elwyn <\/a><\/h3><\/div><\/div><\/div><\/div><div class=\"services-box col\"><div class=\"thumbnail-wrapper\"><div class=\"services-img\" style=\"background-image:url(http:\/\/samcom.uk\/de\/wp-content\/uploads\/2021\/04\/perfil_alex_.jpg)\"><\/div><div class=\"services-content\"><div class=\"sc-wraper\"><h3><a href=\"http:\/\/samcom.uk\/de\/advisory-board#alex\">Alex Ungprateeb Flynn<\/a><\/h3><\/div><\/div><\/div><\/div><div class=\"services-box col\"><div class=\"thumbnail-wrapper\"><div class=\"services-img\" style=\"background-image:url(http:\/\/samcom.uk\/de\/wp-content\/uploads\/2021\/04\/perfil_catarina.jpg)\"><\/div><div class=\"services-content\"><div class=\"sc-wraper\"><h3><a href=\"http:\/\/samcom.uk\/de\/advisory-board#catarina\">Catarina Frois <\/a><\/h3><\/div><\/div><\/div><\/div><div class=\"services-box col\"><div class=\"thumbnail-wrapper\"><div class=\"services-img\" style=\"background-image:url(http:\/\/samcom.uk\/de\/wp-content\/uploads\/2021\/04\/perfil_bruce.jpg)\"><\/div><div class=\"services-content\"><div class=\"sc-wraper\"><h3><a href=\"http:\/\/samcom.uk\/de\/advisory-board#bruce\">Bruce Kapferer <\/a><\/h3><\/div><\/div><\/div><\/div><div class=\"services-box col\"><div class=\"thumbnail-wrapper\"><div class=\"services-img\" style=\"background-image:url(http:\/\/samcom.uk\/de\/wp-content\/uploads\/2021\/04\/perfil_joel.jpg)\"><\/div><div class=\"services-content\"><div class=\"sc-wraper\"><h3><a href=\"http:\/\/samcom.uk\/de\/advisory-board#joel\">Joel Robbins <\/a><\/h3><\/div><\/div><\/div><\/div><div class=\"services-box col\"><div class=\"thumbnail-wrapper\"><div class=\"services-img\" style=\"background-image:url(http:\/\/samcom.uk\/de\/wp-content\/uploads\/2021\/04\/perfil_simon.jpg)\"><\/div><div class=\"services-content\"><div class=\"sc-wraper\"><h3><a href=\"http:\/\/samcom.uk\/de\/advisory-board#simon\">Simon Szreter<\/a><\/h3><\/div><\/div><\/div><\/div><div class=\"services-box col\"><div class=\"thumbnail-wrapper\"><div class=\"services-img\" style=\"background-image:url(http:\/\/samcom.uk\/de\/wp-content\/uploads\/2021\/04\/perfil_sahana.jpg)\"><\/div><div class=\"services-content\"><div class=\"sc-wraper\"><h3><a href=\"http:\/\/samcom.uk\/de\/advisory-board#sahana\">Sahana Udupa<\/a><\/h3><\/div><\/div><\/div><\/div><div class=\"services-box col\"><div class=\"thumbnail-wrapper\"><div class=\"services-img\" style=\"background-image:url(http:\/\/samcom.uk\/de\/wp-content\/uploads\/2021\/04\/perfil_khadija_.jpg)\"><\/div><div class=\"services-content\"><div class=\"sc-wraper\"><h3><a href=\"http:\/\/samcom.uk\/de\/advisory-board#khadija\">Khadija von Zinnenburg Carroll\u202f <\/a><\/h3><\/div><\/div><\/div><\/div><div class=\"clear\"><\/div><\/div>\n<p>\n<\/div><\/div>\n<div class=\"section-full-width section-light2\" style=\"background-color:#ffffff;\" id=\"kooperationen\"><div class=\"section-boxed\" style=\"color:#000000;\"><h2 class=\"section-title\" style=\"color:#000000;\">Kooperationen<\/h2><p>&nbsp;<\/p>\n<div class=\"cols-wrapper cols-3\" style=\"text-align: center;\">\n<div class=\"col\" style=\"line-height: 20px;\">\n<p><a href=\"http:\/\/samcom.uk\/de\/ansur\/\"><img decoding=\"async\" src=\"http:\/\/samcom.uk\/de\/wp-content\/uploads\/2021\/04\/collaborators_ansur_.jpg\" width=\"60%\" \/><\/a><\/p>\n<p>The Anthropology of<br \/>\nSurveillance Network<\/p>\n<\/div>\n<div class=\"col\" style=\"line-height: 20px;\">\n<p><a href=\"https:\/\/www.kcl.ac.uk\/ddh\" target=\"_blank\" rel=\"noopener\"><img decoding=\"async\" src=\"http:\/\/samcom.uk\/de\/wp-content\/uploads\/2021\/04\/collaborators_kings_.jpg\" width=\"60%\" \/><\/a><\/p>\n<p>Department of Digital<br \/>\nHumanities<\/p>\n<\/div>\n<div class=\"col nomargin\" style=\"line-height: 20px;\">\n<p><a href=\"https:\/\/www.en.ethnologie.uni-muenchen.de\/index.html\" target=\"_blank\" rel=\"noopener\"><img decoding=\"async\" src=\"http:\/\/samcom.uk\/de\/wp-content\/uploads\/2021\/04\/collaborators_lmu.jpg\" width=\"60%\" \/><\/a><\/p>\n<p>Institute of Social<br \/>\nand Cultural Anthropology<\/p>\n<\/div>\n<\/div>\n<p>\n<\/div><\/div>\n<div class=\"section-full-width section-light2\" style=\"background-color:#f2f2f2;\" id=\"wissenschaftlichemittel\"><div class=\"section-boxed\" style=\"color:#000;\"><h2 class=\"section-title\" style=\"color:#000;\">Wissenschaftliche Mittel<\/h2><p>&nbsp;<\/p>\n<div class=\"services-wrapper services-icon cols-wrapper cols-3 pexeto-parallax\"><div class=\"services-box col\"><a href=\"http:\/\/samcom.uk\/de\/publications\/\"><div class=\"img-container\"><img decoding=\"async\" src=\"http:\/\/samcom.uk\/de\/wp-content\/uploads\/2021\/04\/icon_publication-130x130.png\" alt=\"Ver\u00f6ffentlichungen\"\/><\/div><\/a><div class=\"services-content\"><div class=\"sc-wraper\"><h3><a href=\"http:\/\/samcom.uk\/de\/publications\/\">Ver\u00f6ffentlichungen<\/a><\/h3><\/div><\/div><\/div><div class=\"services-box col\"><a href=\"http:\/\/samcom.uk\/de\/reading-list\/\"><div class=\"img-container\"><img decoding=\"async\" src=\"http:\/\/samcom.uk\/de\/wp-content\/uploads\/2021\/04\/ico_reading-130x130.png\" alt=\"Literaturliste\"\/><\/div><\/a><div class=\"services-content\"><div class=\"sc-wraper\"><h3><a href=\"http:\/\/samcom.uk\/de\/reading-list\/\">Literaturliste<\/a><\/h3><\/div><\/div><\/div><div class=\"services-box col nomargin\"><a href=\"http:\/\/samcom.uk\/de\/digital-rights\/\"><div class=\"img-container\"><img decoding=\"async\" src=\"http:\/\/samcom.uk\/de\/wp-content\/uploads\/2021\/04\/ico_digital-130x130.png\" alt=\"Digitale Rechte\"\/><\/div><\/a><div class=\"services-content\"><div class=\"sc-wraper\"><h3><a href=\"http:\/\/samcom.uk\/de\/digital-rights\/\">Digitale Rechte<\/a><\/h3><\/div><\/div><\/div><div class=\"clear\"><\/div><\/div>\n<p>\n<\/div><\/div>\n<div class=\"section-full-width section-light2 boxProjeto\" style=\"background-color:#ffffff;\" id=\"aktuelles\"><div class=\"section-boxed\" style=\"color:#000000;\"><h2 class=\"section-title\" style=\"color:#000000;\">Aktuelles<\/h2><div class=\"pexeto-recent-posts rp-columns\"><div class=\"cols-wrapper cols-2\"><div class=\"col rp\"><div class=\"rp-header\"><\/div><div class=\"rp-no-header\"><h4 class=\"rp-post-title\"><a href=\"https:\/\/samcom.uk\/de\/now-hiring-three-year-full-time-postdoctoral-research-post-examining-health-surveillance-closing-date-31st-may\/\">Now hiring. Three-year full-time postdoctoral research post examining health surveillance. Closing date 31st May<\/a><\/h4><p>https:\/\/jobs.kcl.ac.uk\/gb\/en\/job\/021144\/Research-Associate-in-the-Department-of-Digital-Humanatees<\/p><a class=\"read-more\" href=\"https:\/\/samcom.uk\/de\/now-hiring-three-year-full-time-postdoctoral-research-post-examining-health-surveillance-closing-date-31st-may\/\">Weitere Informationen Dazu <span class=\"more-arrow\">&rsaquo;<\/span><\/a><\/div><\/div><div class=\"col rp nomargin\"><div class=\"rp-header\"><\/div><div class=\"rp-no-header\"><h4 class=\"rp-post-title\"><a href=\"https:\/\/samcom.uk\/de\/now-hiring-three-year-full-time-postdoctoral-research-post-examining-surveillance-and-safety-closing-date-31st-may\/\">Now hiring. Three-year full-time postdoctoral research post examining surveillance and safety. Closing date 31st May.<\/a><\/h4><p>https:\/\/jobs.kcl.ac.uk\/gb\/en\/job\/021145\/Research-Associate-in-the-Department-of-Digital-Humanities<\/p><a class=\"read-more\" href=\"https:\/\/samcom.uk\/de\/now-hiring-three-year-full-time-postdoctoral-research-post-examining-surveillance-and-safety-closing-date-31st-may\/\">Weitere Informationen Dazu <span class=\"more-arrow\">&rsaquo;<\/span><\/a><\/div><\/div><\/div><\/div>\n<p style=\"text-align: center;\"><a class=\"read-more\" href=\"http:\/\/samcom.uk\/de\/publications\/\"><br \/>\nWeitere Informationen Dazu&#8230;<\/a><\/p>\n<p>\n<\/div><\/div>\n","protected":false},"excerpt":{"rendered":"","protected":false},"author":1,"featured_media":0,"parent":0,"menu_order":0,"comment_status":"open","ping_status":"open","template":"template-full-custom.php","meta":{"footnotes":""},"class_list":["post-1521","page","type-page","status-publish","hentry"],"_links":{"self":[{"href":"https:\/\/samcom.uk\/de\/wp-json\/wp\/v2\/pages\/1521","targetHints":{"allow":["GET"]}}],"collection":[{"href":"https:\/\/samcom.uk\/de\/wp-json\/wp\/v2\/pages"}],"about":[{"href":"https:\/\/samcom.uk\/de\/wp-json\/wp\/v2\/types\/page"}],"author":[{"embeddable":true,"href":"https:\/\/samcom.uk\/de\/wp-json\/wp\/v2\/users\/1"}],"replies":[{"embeddable":true,"href":"https:\/\/samcom.uk\/de\/wp-json\/wp\/v2\/comments?post=1521"}],"version-history":[{"count":48,"href":"https:\/\/samcom.uk\/de\/wp-json\/wp\/v2\/pages\/1521\/revisions"}],"predecessor-version":[{"id":2813,"href":"https:\/\/samcom.uk\/de\/wp-json\/wp\/v2\/pages\/1521\/revisions\/2813"}],"wp:attachment":[{"href":"https:\/\/samcom.uk\/de\/wp-json\/wp\/v2\/media?parent=1521"}],"curies":[{"name":"wp","href":"https:\/\/api.w.org\/{rel}","templated":true}]}}